{"id":20,"date":"2025-04-29T00:29:47","date_gmt":"2025-04-29T00:29:47","guid":{"rendered":"http:\/\/localhost\/interiastudio\/?page_id=20"},"modified":"2025-06-18T20:56:01","modified_gmt":"2025-06-18T20:56:01","slug":"contacto","status":"publish","type":"page","link":"https:\/\/interiastudio.com.mx\/en\/contacto\/","title":{"rendered":"CONTACT US"},"content":{"rendered":"<p>We invite you to contact the specialized team at Interia Studio, where our passion for design combines with experience to transform your ideas into reality. Our team of professionals is ready to offer you personalized attention and expert advice at every stage of your project. Don't hesitate to contact us; we're here to make your space truly unique.<\/p>","protected":false},"excerpt":{"rendered":"<p>Te invitamos a ponerte en contacto con el equipo especializado de Interia Studio, donde nuestra pasi\u00f3n por el dise\u00f1o se une con la experiencia para transformar tus ideas en realidad. Nuestro equipo de profesionales est\u00e1 listo para ofrecerte una atenci\u00f3n personalizada y asesor\u00eda experta en cada etapa de tu proyecto. No dudes en consultarnos, estamos [&hellip;]<\/p>","protected":false},"author":1,"featured_media":210,"parent":0,"menu_order":0,"comment_status":"closed","ping_status":"closed","template":"","meta":{"_acf_changed":false,"footnotes":""},"class_list":["post-20","page","type-page","status-publish","has-post-thumbnail","hentry"],"acf":[],"yoast_head":"<!-- This site is optimized with the Yoast SEO plugin v25.1 - https:\/\/yoast.com\/wordpress\/plugins\/seo\/ -->\n<title>Contacto - Interia Studio<\/title>\n<meta name=\"robots\" content=\"index, follow, max-snippet:-1, max-image-preview:large, max-video-preview:-1\" \/>\n<link rel=\"canonical\" href=\"https:\/\/interiastudio.com.mx\/en\/contacto\/\" \/>\n<meta property=\"og:locale\" content=\"en_US\" \/>\n<meta property=\"og:type\" content=\"article\" \/>\n<meta property=\"og:title\" content=\"Contacto - Interia Studio\" \/>\n<meta property=\"og:description\" content=\"Te invitamos a ponerte en contacto con el equipo especializado de Interia Studio, donde nuestra pasi\u00f3n por el dise\u00f1o se une con la experiencia para transformar tus ideas en realidad. Nuestro equipo de profesionales est\u00e1 listo para ofrecerte una atenci\u00f3n personalizada y asesor\u00eda experta en cada etapa de tu proyecto. No dudes en consultarnos, estamos [&hellip;]\" \/>\n<meta property=\"og:url\" content=\"https:\/\/interiastudio.com.mx\/en\/contacto\/\" \/>\n<meta property=\"og:site_name\" content=\"Interia Studio\" \/>\n<meta property=\"article:modified_time\" content=\"2025-06-18T20:56:01+00:00\" \/>\n<meta property=\"og:image\" content=\"https:\/\/interiastudio.com.mx\/wp-content\/uploads\/2025\/06\/tinywow_0U1A5769_81736361.webp\" \/>\n\t<meta property=\"og:image:width\" content=\"1707\" \/>\n\t<meta property=\"og:image:height\" content=\"2560\" \/>\n\t<meta property=\"og:image:type\" content=\"image\/webp\" \/>\n<meta name=\"twitter:card\" content=\"summary_large_image\" \/>\n<meta name=\"twitter:label1\" content=\"Est. reading time\" \/>\n\t<meta name=\"twitter:data1\" content=\"1 minute\" \/>\n<script type=\"application\/ld+json\" class=\"yoast-schema-graph\">{\"@context\":\"https:\/\/schema.org\",\"@graph\":[{\"@type\":\"WebPage\",\"@id\":\"https:\/\/interiastudio.com.mx\/contacto\/\",\"url\":\"https:\/\/interiastudio.com.mx\/contacto\/\",\"name\":\"Contacto - Interia Studio\",\"isPartOf\":{\"@id\":\"https:\/\/interiastudio.com.mx\/#website\"},\"primaryImageOfPage\":{\"@id\":\"https:\/\/interiastudio.com.mx\/contacto\/#primaryimage\"},\"image\":{\"@id\":\"https:\/\/interiastudio.com.mx\/contacto\/#primaryimage\"},\"thumbnailUrl\":\"https:\/\/interiastudio.com.mx\/wp-content\/uploads\/2025\/06\/tinywow_0U1A5769_81736361.webp\",\"datePublished\":\"2025-04-29T00:29:47+00:00\",\"dateModified\":\"2025-06-18T20:56:01+00:00\",\"breadcrumb\":{\"@id\":\"https:\/\/interiastudio.com.mx\/contacto\/#breadcrumb\"},\"inLanguage\":\"en-US\",\"potentialAction\":[{\"@type\":\"ReadAction\",\"target\":[\"https:\/\/interiastudio.com.mx\/contacto\/\"]}]},{\"@type\":\"ImageObject\",\"inLanguage\":\"en-US\",\"@id\":\"https:\/\/interiastudio.com.mx\/contacto\/#primaryimage\",\"url\":\"https:\/\/interiastudio.com.mx\/wp-content\/uploads\/2025\/06\/tinywow_0U1A5769_81736361.webp\",\"contentUrl\":\"https:\/\/interiastudio.com.mx\/wp-content\/uploads\/2025\/06\/tinywow_0U1A5769_81736361.webp\",\"width\":1707,\"height\":2560},{\"@type\":\"BreadcrumbList\",\"@id\":\"https:\/\/interiastudio.com.mx\/contacto\/#breadcrumb\",\"itemListElement\":[{\"@type\":\"ListItem\",\"position\":1,\"name\":\"Inicio\",\"item\":\"https:\/\/interiastudio.com.mx\/\"},{\"@type\":\"ListItem\",\"position\":2,\"name\":\"Contacto\"}]},{\"@type\":\"WebSite\",\"@id\":\"https:\/\/interiastudio.com.mx\/#website\",\"url\":\"https:\/\/interiastudio.com.mx\/\",\"name\":\"Interia Studio\",\"description\":\"\",\"publisher\":{\"@id\":\"https:\/\/interiastudio.com.mx\/#organization\"},\"potentialAction\":[{\"@type\":\"SearchAction\",\"target\":{\"@type\":\"EntryPoint\",\"urlTemplate\":\"https:\/\/interiastudio.com.mx\/?s={search_term_string}\"},\"query-input\":{\"@type\":\"PropertyValueSpecification\",\"valueRequired\":true,\"valueName\":\"search_term_string\"}}],\"inLanguage\":\"en-US\"},{\"@type\":\"Organization\",\"@id\":\"https:\/\/interiastudio.com.mx\/#organization\",\"name\":\"Interia Studio\",\"url\":\"https:\/\/interiastudio.com.mx\/\",\"logo\":{\"@type\":\"ImageObject\",\"inLanguage\":\"en-US\",\"@id\":\"https:\/\/interiastudio.com.mx\/#\/schema\/logo\/image\/\",\"url\":\"https:\/\/interiastudio.com.mx\/wp-content\/uploads\/2025\/05\/logo.png\",\"contentUrl\":\"https:\/\/interiastudio.com.mx\/wp-content\/uploads\/2025\/05\/logo.png\",\"width\":75,\"height\":97,\"caption\":\"Interia Studio\"},\"image\":{\"@id\":\"https:\/\/interiastudio.com.mx\/#\/schema\/logo\/image\/\"}}]}<\/script>\n<!-- \/ Yoast SEO plugin. -->","yoast_head_json":{"title":"Contacto - Interia Studio","robots":{"index":"index","follow":"follow","max-snippet":"max-snippet:-1","max-image-preview":"max-image-preview:large","max-video-preview":"max-video-preview:-1"},"canonical":"https:\/\/interiastudio.com.mx\/en\/contacto\/","og_locale":"en_US","og_type":"article","og_title":"Contacto - Interia Studio","og_description":"Te invitamos a ponerte en contacto con el equipo especializado de Interia Studio, donde nuestra pasi\u00f3n por el dise\u00f1o se une con la experiencia para transformar tus ideas en realidad. Nuestro equipo de profesionales est\u00e1 listo para ofrecerte una atenci\u00f3n personalizada y asesor\u00eda experta en cada etapa de tu proyecto. No dudes en consultarnos, estamos [&hellip;]","og_url":"https:\/\/interiastudio.com.mx\/en\/contacto\/","og_site_name":"Interia Studio","article_modified_time":"2025-06-18T20:56:01+00:00","og_image":[{"width":1707,"height":2560,"url":"https:\/\/interiastudio.com.mx\/wp-content\/uploads\/2025\/06\/tinywow_0U1A5769_81736361.webp","type":"image\/webp"}],"twitter_card":"summary_large_image","twitter_misc":{"Est. reading time":"1 minute"},"schema":{"@context":"https:\/\/schema.org","@graph":[{"@type":"WebPage","@id":"https:\/\/interiastudio.com.mx\/contacto\/","url":"https:\/\/interiastudio.com.mx\/contacto\/","name":"Contacto - Interia Studio","isPartOf":{"@id":"https:\/\/interiastudio.com.mx\/#website"},"primaryImageOfPage":{"@id":"https:\/\/interiastudio.com.mx\/contacto\/#primaryimage"},"image":{"@id":"https:\/\/interiastudio.com.mx\/contacto\/#primaryimage"},"thumbnailUrl":"https:\/\/interiastudio.com.mx\/wp-content\/uploads\/2025\/06\/tinywow_0U1A5769_81736361.webp","datePublished":"2025-04-29T00:29:47+00:00","dateModified":"2025-06-18T20:56:01+00:00","breadcrumb":{"@id":"https:\/\/interiastudio.com.mx\/contacto\/#breadcrumb"},"inLanguage":"en-US","potentialAction":[{"@type":"ReadAction","target":["https:\/\/interiastudio.com.mx\/contacto\/"]}]},{"@type":"ImageObject","inLanguage":"en-US","@id":"https:\/\/interiastudio.com.mx\/contacto\/#primaryimage","url":"https:\/\/interiastudio.com.mx\/wp-content\/uploads\/2025\/06\/tinywow_0U1A5769_81736361.webp","contentUrl":"https:\/\/interiastudio.com.mx\/wp-content\/uploads\/2025\/06\/tinywow_0U1A5769_81736361.webp","width":1707,"height":2560},{"@type":"BreadcrumbList","@id":"https:\/\/interiastudio.com.mx\/contacto\/#breadcrumb","itemListElement":[{"@type":"ListItem","position":1,"name":"Inicio","item":"https:\/\/interiastudio.com.mx\/"},{"@type":"ListItem","position":2,"name":"Contacto"}]},{"@type":"WebSite","@id":"https:\/\/interiastudio.com.mx\/#website","url":"https:\/\/interiastudio.com.mx\/","name":"Interia Studio","description":"","publisher":{"@id":"https:\/\/interiastudio.com.mx\/#organization"},"potentialAction":[{"@type":"SearchAction","target":{"@type":"EntryPoint","urlTemplate":"https:\/\/interiastudio.com.mx\/?s={search_term_string}"},"query-input":{"@type":"PropertyValueSpecification","valueRequired":true,"valueName":"search_term_string"}}],"inLanguage":"en-US"},{"@type":"Organization","@id":"https:\/\/interiastudio.com.mx\/#organization","name":"Interia Studio","url":"https:\/\/interiastudio.com.mx\/","logo":{"@type":"ImageObject","inLanguage":"en-US","@id":"https:\/\/interiastudio.com.mx\/#\/schema\/logo\/image\/","url":"https:\/\/interiastudio.com.mx\/wp-content\/uploads\/2025\/05\/logo.png","contentUrl":"https:\/\/interiastudio.com.mx\/wp-content\/uploads\/2025\/05\/logo.png","width":75,"height":97,"caption":"Interia Studio"},"image":{"@id":"https:\/\/interiastudio.com.mx\/#\/schema\/logo\/image\/"}}]}},"_links":{"self":[{"href":"https:\/\/interiastudio.com.mx\/en\/wp-json\/wp\/v2\/pages\/20","targetHints":{"allow":["GET"]}}],"collection":[{"href":"https:\/\/interiastudio.com.mx\/en\/wp-json\/wp\/v2\/pages"}],"about":[{"href":"https:\/\/interiastudio.com.mx\/en\/wp-json\/wp\/v2\/types\/page"}],"author":[{"embeddable":true,"href":"https:\/\/interiastudio.com.mx\/en\/wp-json\/wp\/v2\/users\/1"}],"replies":[{"embeddable":true,"href":"https:\/\/interiastudio.com.mx\/en\/wp-json\/wp\/v2\/comments?post=20"}],"version-history":[{"count":3,"href":"https:\/\/interiastudio.com.mx\/en\/wp-json\/wp\/v2\/pages\/20\/revisions"}],"predecessor-version":[{"id":200,"href":"https:\/\/interiastudio.com.mx\/en\/wp-json\/wp\/v2\/pages\/20\/revisions\/200"}],"wp:featuredmedia":[{"embeddable":true,"href":"https:\/\/interiastudio.com.mx\/en\/wp-json\/wp\/v2\/media\/210"}],"wp:attachment":[{"href":"https:\/\/interiastudio.com.mx\/en\/wp-json\/wp\/v2\/media?parent=20"}],"curies":[{"name":"wp","href":"https:\/\/api.w.org\/{rel}","templated":true}]}}